{"id":3401,"date":"2016-07-19T11:16:52","date_gmt":"2016-07-19T11:16:52","guid":{"rendered":"https:\/\/aquavistamanagement.com\/a-colpo-docchio\/"},"modified":"2026-01-21T08:22:33","modified_gmt":"2026-01-21T08:22:33","slug":"a-colpo-docchio","status":"publish","type":"page","link":"https:\/\/aquavistamanagement.com\/it\/a-colpo-docchio\/","title":{"rendered":"A colpo d&#8217;occhio"},"content":{"rendered":"<p>[vc_row css_animation=&#8221;&#8221; row_type=&#8221;row&#8221; use_row_as_full_screen_section=&#8221;no&#8221; type=&#8221;grid&#8221; angled_section=&#8221;no&#8221; text_align=&#8221;left&#8221; background_image_as_pattern=&#8221;without_pattern&#8221; css=&#8221;.vc_custom_1527235412923{padding-top: 100px !important;padding-bottom: 65px !important;}&#8221; z_index=&#8221;&#8221;][vc_column][qode_elements_holder number_of_columns=&#8221;two_columns&#8221;][qode_elements_holder_item item_padding=&#8221;0 5%&#8221; vertical_alignment=&#8221;middle&#8221; advanced_animations=&#8221;no&#8221; item_padding_1024_1280=&#8221;0 0 0 0&#8243; item_padding_768_1024=&#8221;0 0 0 0&#8243; item_padding_600_768=&#8221;0 0 60px 0&#8243; item_padding_480_600=&#8221;0 0 60px 0&#8243; item_padding_480=&#8221;0 0 60px 0&#8243;][vc_empty_space height=&#8221;46px&#8221;][vc_column_text]Aqua Vista Hotels \u00e8 una pluripremiata societ\u00e0 di gestione, sviluppo e consulenza alberghiera con sede ad Atene, in Grecia. Fondata nel 2005, attualmente gestisce oltre 35 boutique hotel e unit\u00e0 abitative in alcune delle destinazioni pi\u00f9 popolari della Grecia, sulle isole di Santorini, Mykonos, Paros, Lesbo e Skiathos.[\/vc_column_text][vc_empty_space height=&#8221;10px&#8221;][vc_column_text]La filosofia del gruppo si basa sull&#8217;offerta di un&#8217;esperienza di prim&#8217;ordine per gli ospiti in hotel dal carattere distintivo che forniscono servizi di alta gamma in localit\u00e0 uniche in Grecia. \u00c8 composto da un team esperto di <strong>dirigenti altamente qualificati e professionisti esperti<\/strong> che forniscono servizi operativi e di gestione per le strutture, tra cui la gestione delle prenotazioni e delle vendite, nonch\u00e9 la creazione concettuale e il branding di nuove unit\u00e0. L&#8217;obiettivo di Aqua Vista Hotels \u00e8 creare unit\u00e0 redditizie che abbiano un <strong>alto tasso di prenotazione e una forte fidelizzazione degli ospiti<\/strong>.[\/vc_column_text][vc_empty_space height=&#8221;49px&#8221;][\/qode_elements_holder_item][qode_elements_holder_item vertical_alignment=&#8221;middle&#8221; advanced_animations=&#8221;no&#8221;][vc_empty_space height=&#8221;19px&#8221;][vc_single_image image=&#8221;3400&#8243; img_size=&#8221;full&#8221; qode_css_animation=&#8221;&#8221; el_class=&#8221;border-img&#8221;][\/qode_elements_holder_item][\/qode_elements_holder][\/vc_column][\/vc_row][vc_row css_animation=&#8221;&#8221; row_type=&#8221;row&#8221; use_row_as_full_screen_section=&#8221;no&#8221; type=&#8221;full_width&#8221; angled_section=&#8221;no&#8221; text_align=&#8221;left&#8221; background_image_as_pattern=&#8221;without_pattern&#8221;][vc_column][vc_empty_space height=&#8221;50px&#8221;][vc_column_text]<\/p>\n<h4 style=\"color: #717171; text-align: center;\">Aqua Vista Hotels in numbers:<\/h4>\n<p>[\/vc_column_text][vc_empty_space height=&#8221;50px&#8221;][\/vc_column][\/vc_row][vc_row css_animation=&#8221;&#8221; row_type=&#8221;row&#8221; use_row_as_full_screen_section=&#8221;no&#8221; type=&#8221;full_width&#8221; angled_section=&#8221;no&#8221; text_align=&#8221;left&#8221; background_image_as_pattern=&#8221;without_pattern&#8221; z_index=&#8221;&#8221; el_id=&#8221;counter-padding&#8221;][vc_column width=&#8221;1\/12&#8243;][\/vc_column][vc_column width=&#8221;2\/12&#8243;]<div class=\"q_counter_holder  center\" style=\"\"><span class=\"counter  random\" style=\"color: #414141;font-size: 30px;font-weight: 400;\">30 +<\/span><p class=\"counter_text\" style=\"font-size: 18px;font-weight: 300;color: #414141;\">venues<\/p><\/div>[\/vc_column][vc_column width=&#8221;2\/12&#8243;]<div class=\"q_counter_holder  center\" style=\"\"><span class=\"counter  random\" style=\"color: #414141;font-size: 30px;font-weight: 400;\">340 +<\/span><p class=\"counter_text\" style=\"font-size: 18px;font-weight: 300;color: #414141;\">total headcount<\/p><\/div>[\/vc_column][vc_column width=&#8221;2\/12&#8243;]<div class=\"q_counter_holder  center\" style=\"\"><span class=\"counter  random\" style=\"color: #414141;font-size: 30px;font-weight: 400;\">81.000 +<\/span><p class=\"counter_text\" style=\"font-size: 18px;font-weight: 300;color: #414141;\">room nights p.a.<\/p><\/div>[\/vc_column][vc_column width=&#8221;2\/12&#8243;]<div class=\"q_counter_holder  center\" style=\"\"><span class=\"counter  random\" style=\"color: #414141;font-size: 30px;font-weight: 400;\">16.500.000 +<\/span><p class=\"counter_text\" style=\"font-size: 18px;font-weight: 300;color: #414141;\">revenue p.a.<\/p><\/div>[\/vc_column][vc_column width=&#8221;2\/12&#8243;]<div class=\"q_counter_holder  center\" style=\"\"><span class=\"counter  random\" style=\"color: #414141;font-size: 30px;font-weight: 400;\">30.000 +<\/span><p class=\"counter_text\" style=\"font-size: 18px;font-weight: 300;color: #414141;\">bookings p.a.<\/p><\/div>[\/vc_column][vc_column width=&#8221;1\/12&#8243;][\/vc_column][\/vc_row][vc_row css_animation=&#8221;&#8221; row_type=&#8221;row&#8221; use_row_as_full_screen_section=&#8221;no&#8221; type=&#8221;full_width&#8221; angled_section=&#8221;no&#8221; text_align=&#8221;left&#8221; background_image_as_pattern=&#8221;without_pattern&#8221;][vc_column][vc_empty_space height=&#8221;60px&#8221;][\/vc_column][\/vc_row][vc_row css_animation=&#8221;&#8221; row_type=&#8221;row&#8221; use_row_as_full_screen_section=&#8221;no&#8221; type=&#8221;full_width&#8221; angled_section=&#8221;no&#8221; text_align=&#8221;left&#8221; background_image_as_pattern=&#8221;without_pattern&#8221; z_index=&#8221;&#8221; el_id=&#8221;counter-padding2&#8243;][vc_column width=&#8221;1\/12&#8243;][\/vc_column][vc_column width=&#8221;2\/12&#8243;]<div class=\"q_counter_holder  center\" style=\"\"><span class=\"counter  random\" style=\"color: #414141;font-size: 30px;font-weight: 400;\">8.000 +<\/span><p class=\"counter_text\" style=\"font-size: 18px;font-weight: 300;color: #414141;\">transfers p.a.<\/p><\/div>[\/vc_column][vc_column width=&#8221;2\/12&#8243;]<div class=\"q_counter_holder  center\" style=\"\"><span class=\"counter  random\" style=\"color: #414141;font-size: 30px;font-weight: 400;\">86 %<\/span><p class=\"counter_text\" style=\"font-size: 18px;font-weight: 300;color: #414141;\">occupancy p.a.<\/p><\/div>[\/vc_column][vc_column width=&#8221;2\/12&#8243;]<div class=\"q_counter_holder  center\" style=\"\"><span class=\"counter  random\" style=\"color: #414141;font-size: 30px;font-weight: 400;\">38 %<\/span><p class=\"counter_text\" style=\"font-size: 18px;font-weight: 300;color: #414141;\">Yoy Rev PAR growth<\/p><\/div>[\/vc_column][vc_column width=&#8221;2\/12&#8243;]<div class=\"q_counter_holder  center\" style=\"\"><span class=\"counter  random\" style=\"color: #414141;font-size: 30px;font-weight: 400;\">93 +<\/span><p class=\"counter_text\" style=\"font-size: 18px;font-weight: 300;color: #414141;\">TripAdvisor rating<\/p><\/div>[\/vc_column][vc_column width=&#8221;2\/12&#8243;]<div class=\"q_counter_holder  center\" style=\"\"><span class=\"counter  random\" style=\"color: #414141;font-size: 30px;font-weight: 400;\">4.5 +<\/span><p class=\"counter_text\" style=\"font-size: 18px;font-weight: 300;color: #414141;\">Facebook rating<\/p><\/div>[\/vc_column][vc_column width=&#8221;1\/12&#8243;][\/vc_column][\/vc_row][vc_row css_animation=&#8221;&#8221; row_type=&#8221;row&#8221; use_row_as_full_screen_section=&#8221;no&#8221; type=&#8221;full_width&#8221; angled_section=&#8221;no&#8221; text_align=&#8221;left&#8221; background_image_as_pattern=&#8221;without_pattern&#8221;][vc_column][vc_empty_space height=&#8221;60px&#8221;][\/vc_column][\/vc_row]<\/p>\n","protected":false},"excerpt":{"rendered":"<p>[vc_row css_animation=&#8221;&#8221; row_type=&#8221;row&#8221; use_row_as_full_screen_section=&#8221;no&#8221; type=&#8221;grid&#8221; angled_section=&#8221;no&#8221; text_align=&#8221;left&#8221; background_image_as_pattern=&#8221;without_pattern&#8221; css=&#8221;.vc_custom_1527235412923{padding-top: 100px !important;padding-bottom: 65px !important;}&#8221; z_index=&#8221;&#8221;][vc_column][qode_elements_holder number_of_columns=&#8221;two_columns&#8221;][qode_elements_holder_item item_padding=&#8221;0 5%&#8221; vertical_alignment=&#8221;middle&#8221; advanced_animations=&#8221;no&#8221; item_padding_1024_1280=&#8221;0 0 0 0&#8243; item_padding_768_1024=&#8221;0 0&#8230;<\/p>\n","protected":false},"author":1,"featured_media":0,"parent":0,"menu_order":0,"comment_status":"closed","ping_status":"closed","template":"full_width.php","meta":[],"_links":{"self":[{"href":"https:\/\/aquavistamanagement.com\/it\/wp-json\/wp\/v2\/pages\/3401"}],"collection":[{"href":"https:\/\/aquavistamanagement.com\/it\/wp-json\/wp\/v2\/pages"}],"about":[{"href":"https:\/\/aquavistamanagement.com\/it\/wp-json\/wp\/v2\/types\/page"}],"author":[{"embeddable":true,"href":"https:\/\/aquavistamanagement.com\/it\/wp-json\/wp\/v2\/users\/1"}],"replies":[{"embeddable":true,"href":"https:\/\/aquavistamanagement.com\/it\/wp-json\/wp\/v2\/comments?post=3401"}],"version-history":[{"count":3,"href":"https:\/\/aquavistamanagement.com\/it\/wp-json\/wp\/v2\/pages\/3401\/revisions"}],"predecessor-version":[{"id":3406,"href":"https:\/\/aquavistamanagement.com\/it\/wp-json\/wp\/v2\/pages\/3401\/revisions\/3406"}],"wp:attachment":[{"href":"https:\/\/aquavistamanagement.com\/it\/wp-json\/wp\/v2\/media?parent=3401"}],"curies":[{"name":"wp","href":"https:\/\/api.w.org\/{rel}","templated":true}]}}