{"id":3134,"date":"2016-07-19T07:41:58","date_gmt":"2016-07-19T07:41:58","guid":{"rendered":"https:\/\/aquavistamanagement.com\/inicio\/"},"modified":"2026-01-21T08:24:27","modified_gmt":"2026-01-21T08:24:27","slug":"inicio","status":"publish","type":"page","link":"https:\/\/aquavistamanagement.com\/it\/","title":{"rendered":"Home"},"content":{"rendered":"<p>[vc_row row_type=&#8221;parallax&#8221; parallax_content_width=&#8221;in_grid&#8221; text_align=&#8221;center&#8221; background_image=&#8221;2592&#8243; full_screen_section_height=&#8221;no&#8221; el_id=&#8221;test&#8221;][vc_column][vc_empty_space height=&#8221;300px&#8221; el_class=&#8221;reduce-space&#8221;][vc_single_image image=&#8221;3129&#8243; img_size=&#8221;full&#8221; alignment=&#8221;center&#8221; qode_css_animation=&#8221;&#8221;][vc_empty_space height=&#8221;10px&#8221;][vc_column_text]<\/p>\n<h3 style=\"text-align: center;\">GESTIONE, SVILUPPO E CONSULENZA ALBERGHIERA<\/h3>\n<p>[\/vc_column_text][vc_single_image image=&#8221;3130&#8243; img_size=&#8221;full&#8221; alignment=&#8221;center&#8221; qode_css_animation=&#8221;&#8221; css=&#8221;.vc_custom_1603709359304{padding-top: 10px !important;}&#8221;][\/vc_column][\/vc_row][vc_row css_animation=&#8221;&#8221; row_type=&#8221;row&#8221; use_row_as_full_screen_section=&#8221;yes&#8221; type=&#8221;full_width&#8221; angled_section=&#8221;no&#8221; text_align=&#8221;left&#8221; background_image_as_pattern=&#8221;without_pattern&#8221; z_index=&#8221;&#8221; el_class=&#8221;remove&#8221;][vc_column][vc_row_inner row_type=&#8221;row&#8221; type=&#8221;full_width&#8221; text_align=&#8221;left&#8221; css_animation=&#8221;&#8221; el_class=&#8221;koutia&#8221;][vc_column_inner el_class=&#8221;box-wrapper&#8221; width=&#8221;1\/6&#8243; css=&#8221;.vc_custom_1526892904717{padding-right: 0px !important;padding-left: 0px !important;}&#8221;][vc_raw_html el_class=&#8221;glance&#8221; css=&#8221;.vc_custom_1535980583991{padding-right: 15px !important;padding-left: 15px !important;}&#8221;]PGgzPkEgY29scG8gZCdvY2NoaW88L2gzPgoKPHA+QXF1YSBWaXN0YSBIb3RlbHMgw6ggdW5hIHBsdXJpcHJlbWlhdGEgc29jaWV0w6AgZGkgZ2VzdGlvbmUsIHN2aWx1cHBvIGUgY29uc3VsZW56YSBhbGJlcmdoaWVyYQpjb24gc2VkZSBhZCBBdGVuZTwvcD4KPHNwYW4gY2xhc3M9Im15LXNwYWNlIj48L3NwYW4+CjxhIGhyZWY9Imh0dHBzOi8vYXF1YXZpc3RhbWFuYWdlbWVudC5jb20vYXQtYS1nbGFuY2UvIj48aW1nIHNyYz0iL3dwLWNvbnRlbnQvdXBsb2Fkcy8yMDE4LzA1L2Fycm93LnBuZyIgYWx0PSJhcnJvdyI+PC9hPgoK[\/vc_raw_html][\/vc_column_inner][vc_column_inner el_class=&#8221;box-wrapper&#8221; width=&#8221;1\/6&#8243; css=&#8221;.vc_custom_1526892909430{padding-right: 0px !important;padding-left: 0px !important;}&#8221;][vc_raw_html el_class=&#8221;what-we-do&#8221; css=&#8221;.vc_custom_1535980590177{padding-right: 15px !important;padding-left: 15px !important;}&#8221;]PGgzPldoYXQgd2UgZG88L2gzPgoKPHA+V2Ugb2ZmZXIgYSB3aWRlIHJhbmdlIG9mIHNlcnZpY2VzIGFuZCBoYW5kbGUgYWxsIGFzcGVjdHMgb2YgaG90ZWwgbWFuYWdlbWVudCwgb3BlcmF0aW9uIGFuZCBkZXZlbG9wbWVudC4gPC9wPgo8c3BhbiBjbGFzcz0ibXktc3BhY2UiPjwvc3Bhbj4KPGEgaHJlZj0iaHR0cHM6Ly9hcXVhdmlzdGFtYW5hZ2VtZW50LmNvbS93aGF0LXdlLWRvLyI+PGltZyBzcmM9Ii93cC1jb250ZW50L3VwbG9hZHMvMjAxOC8wNS9hcnJvdy5wbmciIGFsdD0iYXJyb3ciPgo8L2E+Cg==[\/vc_raw_html][\/vc_column_inner][vc_column_inner el_class=&#8221;box-wrapper&#8221; width=&#8221;1\/6&#8243; css=&#8221;.vc_custom_1526892917833{padding-right: 0px !important;padding-left: 0px !important;}&#8221;][vc_raw_html el_class=&#8221;services&#8221; css=&#8221;.vc_custom_1535980594482{padding-right: 15px !important;padding-left: 15px !important;}&#8221;]PGgzPk91ciBzZXJ2aWNlczwvaDM+Cgo8cD5MZWFzaW5nLCBIb3RlbCBNYW5hZ2VtZW50LCBSZXNlcnZhdGlvbiBNYW5hZ2VtZW50LCBTYWxlcyAmYW1wOyBNYXJrZXRpbmcsIFN0YXJ0IHVwIE9wZXJhdGlvbiwgU3RyYXRlZ2ljIENvbmNlcHQgRGV2ZWxvcG1lbnQsIEJ1ZGdldCBQbGFubmluZzwvcD4KPHNwYW4gY2xhc3M9Im15LXNwYWNlIj48L3NwYW4+CjxhIGhyZWY9Imh0dHBzOi8vYXF1YXZpc3RhbWFuYWdlbWVudC5jb20vb3VyLXNlcnZpY2VzLyI+PGltZyBzcmM9Ii93cC1jb250ZW50L3VwbG9hZHMvMjAxOC8wNS9hcnJvdy5wbmciIGFsdD0iYXJyb3ciPjwvYT4KCg==[\/vc_raw_html][\/vc_column_inner][vc_column_inner el_class=&#8221;box-wrapper&#8221; width=&#8221;1\/6&#8243; css=&#8221;.vc_custom_1526892913620{padding-right: 0px !important;padding-left: 0px !important;}&#8221;][vc_raw_html el_class=&#8221;awards&#8221; css=&#8221;.vc_custom_1535980598458{padding-right: 15px !important;padding-left: 15px !important;}&#8221;]PGgzPk91ciBBd2FyZHM8L2gzPgoKPHA+UmVjb2duaXRpb24gb2YgYWNoaWV2ZW1lbnRzIGluIDIwMTcgYW5kIDIwMTggYXQgdGhlIFRvdXJpc20gQXdhcmRzLCBab290dGxlIEd1ZXN0IEV4cGVyaWVuY2UgQXdhcmRzLCBhcyB3ZWxsIGFzIHJlY2VpdmluZyB0aGUgV29ybGQgQm91dGlxdWUgSG90ZWwgQXdhcmQuIDwvcD4KPHNwYW4gY2xhc3M9Im15LXNwYWNlIj48L3NwYW4+CjxhIGhyZWY9Imh0dHBzOi8vYXF1YXZpc3RhbWFuYWdlbWVudC5jb20vb3VyLWF3YXJkcy8iPjxpbWcgc3JjPSIvd3AtY29udGVudC91cGxvYWRzLzIwMTgvMDUvYXJyb3cucG5nIiBhbHQ9ImFycm93Ij48L2E+Cgo=[\/vc_raw_html][\/vc_column_inner][vc_column_inner el_class=&#8221;box-wrapper&#8221; width=&#8221;1\/6&#8243; css=&#8221;.vc_custom_1526892927234{padding-right: 0px !important;padding-left: 0px !important;}&#8221;][vc_raw_html el_class=&#8221;why-choose-us&#8221; css=&#8221;.vc_custom_1535980602343{padding-right: 15px !important;padding-left: 15px !important;}&#8221;]PGgzPldoeSBjaG9vc2UgdXM8L2gzPgoKPHA+T3VyIHRlYW0gb2YgaGlnaGx5IGV4cGVyaWVuY2VkIHByb2Zlc3Npb25hbHMgYnJpbmcgYSB3ZWFsdGggb2Yga25vd2xlZGdlIGFuZCBrbm93LWhvdyB0byB0aGUgdGFibGUgYW5kIHByb3ZpZGUgYSBjb21wcmVoZW5zaXZlIHJhbmdlIG9mIHNlcnZpY2VzLjwvcD4KPHNwYW4gY2xhc3M9Im15LXNwYWNlIj48L3NwYW4+CjxhIGhyZWY9Imh0dHBzOi8vYXF1YXZpc3RhbWFuYWdlbWVudC5jb20vd2h5LWNob29zZS1hcXVhLXZpc3RhLWhvdGVscy8iPjxpbWcgc3JjPSIvd3AtY29udGVudC91cGxvYWRzLzIwMTgvMDUvYXJyb3cucG5nIiBhbHQ9ImFycm93Ij48L2E+Cgo=[\/vc_raw_html][\/vc_column_inner][vc_column_inner el_class=&#8221;box-wrapper&#8221; width=&#8221;1\/6&#8243; css=&#8221;.vc_custom_1526892922446{padding-right: 0px !important;padding-left: 0px !important;}&#8221;][vc_raw_html el_class=&#8221;contact-us&#8221; css=&#8221;.vc_custom_1535980692177{padding-right: 15px !important;padding-left: 15px !important;}&#8221;]PGgzPkNvbnRhY3QgdXM8L2gzPgo8YnI+PHNwYW4gZGF0YS10eXBlPSJub3JtYWwiIGNsYXNzPSJxb2RlX2ljb25fc2hvcnRjb2RlIHFfZm9udF9hd3NvbWVfaWNvbiBmYS1sZyAiIHN0eWxlPSIgIj48aSBjbGFzcz0icW9kZV9pY29uX2ZvbnRfYXdlc29tZSBmYSBmYS1hdCBxb2RlX2ljb25fZWxlbWVudCIgc3R5bGU9IiI+PC9pPjwvc3Bhbj48L2k+IGluZm9AYXF1YXZpc3RhaG90ZWxzLmNvbQo8YnI+PHNwYW4gZGF0YS10eXBlPSJub3JtYWwiIGNsYXNzPSJxb2RlX2ljb25fc2hvcnRjb2RlIHFfZm9udF9hd3NvbWVfaWNvbiBmYS1sZyAiIHN0eWxlPSJjb2xvcjojZmZmZmZmICAiPjxpIGNsYXNzPSJxb2RlX2ljb25fZm9udF9hd2Vzb21lIGZhIGZhLXBob25lIHFvZGVfaWNvbl9lbGVtZW50IiBzdHlsZT0iIj48L2k+PC9zcGFuPiAgKCszMCkgMjEwIDcyMTMyNTMKPGJyPjxhIGhyZWY9Imh0dHBzOi8vYXF1YXZpc3RhbWFuYWdlbWVudC5jb20vY29udGFjdC11cy8iPjxpbWcgc3JjPSIvd3AtY29udGVudC91cGxvYWRzLzIwMTgvMDUvYXJyb3cucG5nIiBhbHQ9ImFycm93Ij48L2E+Cgo=[\/vc_raw_html][\/vc_column_inner][\/vc_row_inner][\/vc_column][\/vc_row][vc_row css_animation=&#8221;&#8221; row_type=&#8221;row&#8221; use_row_as_full_screen_section=&#8221;no&#8221; type=&#8221;full_width&#8221; angled_section=&#8221;no&#8221; text_align=&#8221;left&#8221; background_image_as_pattern=&#8221;without_pattern&#8221;][vc_column][vc_empty_space height=&#8221;100px&#8221;][vc_column_text]<\/p>\n<h4 style=\"color: #717171; text-align: center;\">Aqua Vista Hotels in numbers:<\/h4>\n<p>[\/vc_column_text][vc_empty_space height=&#8221;50px&#8221;][\/vc_column][\/vc_row][vc_row css_animation=&#8221;&#8221; row_type=&#8221;row&#8221; use_row_as_full_screen_section=&#8221;no&#8221; type=&#8221;full_width&#8221; angled_section=&#8221;no&#8221; text_align=&#8221;left&#8221; background_image_as_pattern=&#8221;without_pattern&#8221; z_index=&#8221;&#8221; el_id=&#8221;counter-padding&#8221;][vc_column width=&#8221;1\/12&#8243;][\/vc_column][vc_column width=&#8221;2\/12&#8243;]<div class=\"q_counter_holder  center\" style=\"\"><span class=\"counter  random\" style=\"color: #414141;font-size: 30px;font-weight: 400;\">30 +<\/span><p class=\"counter_text\" style=\"font-size: 18px;font-weight: 300;color: #414141;\">strutture<\/p><\/div>[\/vc_column][vc_column width=&#8221;2\/12&#8243;]<div class=\"q_counter_holder  center\" style=\"\"><span class=\"counter  random\" style=\"color: #414141;font-size: 30px;font-weight: 400;\">340 +<\/span><p class=\"counter_text\" style=\"font-size: 18px;font-weight: 300;color: #414141;\">Numero totale di dipendenti<\/p><\/div>[\/vc_column][vc_column width=&#8221;2\/12&#8243;]<div class=\"q_counter_holder  center\" style=\"\"><span class=\"counter  random\" style=\"color: #414141;font-size: 30px;font-weight: 400;\">81.000 +<\/span><p class=\"counter_text\" style=\"font-size: 18px;font-weight: 300;color: #414141;\">Pernottamenti all'anno<\/p><\/div>[\/vc_column][vc_column width=&#8221;2\/12&#8243;]<div class=\"q_counter_holder  center\" style=\"\"><span class=\"counter  random\" style=\"color: #414141;font-size: 30px;font-weight: 400;\">16.500.000 +<\/span><p class=\"counter_text\" style=\"font-size: 18px;font-weight: 300;color: #414141;\">Fatturato all'anno<\/p><\/div>[\/vc_column][vc_column width=&#8221;2\/12&#8243;]<div class=\"q_counter_holder  center\" style=\"\"><span class=\"counter  random\" style=\"color: #414141;font-size: 30px;font-weight: 400;\">30.000 +<\/span><p class=\"counter_text\" style=\"font-size: 18px;font-weight: 300;color: #414141;\">Prenotazioni all'anno<\/p><\/div>[\/vc_column][vc_column width=&#8221;1\/12&#8243;][\/vc_column][\/vc_row][vc_row css_animation=&#8221;&#8221; row_type=&#8221;row&#8221; use_row_as_full_screen_section=&#8221;no&#8221; type=&#8221;full_width&#8221; angled_section=&#8221;no&#8221; text_align=&#8221;left&#8221; background_image_as_pattern=&#8221;without_pattern&#8221;][vc_column][vc_empty_space height=&#8221;60px&#8221;][\/vc_column][\/vc_row][vc_row css_animation=&#8221;&#8221; row_type=&#8221;row&#8221; use_row_as_full_screen_section=&#8221;no&#8221; type=&#8221;full_width&#8221; angled_section=&#8221;no&#8221; text_align=&#8221;left&#8221; background_image_as_pattern=&#8221;without_pattern&#8221; z_index=&#8221;&#8221; el_id=&#8221;counter-padding2&#8243;][vc_column width=&#8221;1\/12&#8243;][\/vc_column][vc_column width=&#8221;2\/12&#8243;]<div class=\"q_counter_holder  center\" style=\"\"><span class=\"counter  random\" style=\"color: #414141;font-size: 30px;font-weight: 400;\">8.000 +<\/span><p class=\"counter_text\" style=\"font-size: 18px;font-weight: 300;color: #414141;\">Trasferimenti all'anno<\/p><\/div>[\/vc_column][vc_column width=&#8221;2\/12&#8243;]<div class=\"q_counter_holder  center\" style=\"\"><span class=\"counter  random\" style=\"color: #414141;font-size: 30px;font-weight: 400;\">86 %<\/span><p class=\"counter_text\" style=\"font-size: 18px;font-weight: 300;color: #414141;\">Occupazione all'anno<\/p><\/div>[\/vc_column][vc_column width=&#8221;2\/12&#8243;]<div class=\"q_counter_holder  center\" style=\"\"><span class=\"counter  random\" style=\"color: #414141;font-size: 30px;font-weight: 400;\">38 %<\/span><p class=\"counter_text\" style=\"font-size: 18px;font-weight: 300;color: #414141;\">Crescita annuale del Rev PAR<\/p><\/div>[\/vc_column][vc_column width=&#8221;2\/12&#8243;]<div class=\"q_counter_holder  center\" style=\"\"><span class=\"counter  random\" style=\"color: #414141;font-size: 30px;font-weight: 400;\">93 +<\/span><p class=\"counter_text\" style=\"font-size: 18px;font-weight: 300;color: #414141;\">Valutazione TripAdvisor<\/p><\/div>[\/vc_column][vc_column width=&#8221;2\/12&#8243;]<div class=\"q_counter_holder  center\" style=\"\"><span class=\"counter  random\" style=\"color: #414141;font-size: 30px;font-weight: 400;\">4.5 +<\/span><p class=\"counter_text\" style=\"font-size: 18px;font-weight: 300;color: #414141;\">Valutazione Facebook<\/p><\/div>[\/vc_column][vc_column width=&#8221;1\/12&#8243;][\/vc_column][\/vc_row][vc_row css_animation=&#8221;&#8221; row_type=&#8221;row&#8221; use_row_as_full_screen_section=&#8221;no&#8221; type=&#8221;full_width&#8221; angled_section=&#8221;no&#8221; text_align=&#8221;left&#8221; background_image_as_pattern=&#8221;without_pattern&#8221;][vc_column][vc_empty_space height=&#8221;100px&#8221;][\/vc_column][\/vc_row][vc_row row_type=&#8221;parallax&#8221; parallax_content_width=&#8221;in_grid&#8221; text_align=&#8221;left&#8221; background_image=&#8221;270&#8243; full_screen_section_height=&#8221;no&#8221;][vc_column][vc_empty_space height=&#8221;50px&#8221;][vc_column_text el_class=&#8221;testimonial-title&#8221;]<\/p>\n<p style=\"text-align: center;\">Testimonianze dei clienti<\/p>\n<p>[\/vc_column_text][vc_empty_space height=&#8221;10px&#8221;][vc_column_text]<\/p>\n<p style=\"text-align: center; color: #ffffff;\">A few words from our satisfied clients gives us everyday inspiration.<\/p>\n<p>[\/vc_column_text][vc_empty_space height=&#8221;50px&#8221;]<div class='testimonials_c_holder clearfix light'><div class=\"testimonials_c testimonials_c_carousel\" data-show-navigation=\"yes\" data-animation-speed=\"\" data-auto-rotate-slides=\"3\" data-number-per-slide=\"3\"><ul class=\"slides\"><li id=\"testimonials-c-3396\" class=\"testimonial_content\"><div class=\"testimonial_content_inner\"><div class=\"testimonial_image_holder\"><img src=\"\" \/><\/div><div class=\"testimonial_text_holder\"><div class=\"testimonial_text_inner\" style=\"\"><p><img src=\"\/wp-content\/uploads\/2016\/07\/transparent-test.png\"><\/img><br><br>Aqua Vista Management ha portato professionalit\u00e0, struttura e visione a Naxian Queen Villas. La loro competenza nel marketing e il supporto operativo hanno migliorato significativamente la nostra visibilit\u00e0 e performance, attirando gli ospiti giusti e aiutandoci a crescere di anno in anno. Ci\u00f2 che apprezzo di pi\u00f9 \u00e8 la loro genuina passione per l'ospitalit\u00e0 e l'attenzione personalizzata che dedicano alla nostra struttura. Aqua Vista \u00e8 un partner fidato su cui contiamo con tutto il cuore.<\/p><p class=\"testimonial_author\" style=\"\">Stamatis Dimitrokalis, Owner, Naxian Queen Villas<\/p><\/div><\/div><\/div><\/li><li id=\"testimonials-c-3398\" class=\"testimonial_content\"><div class=\"testimonial_content_inner\"><div class=\"testimonial_image_holder\"><img src=\"\" \/><\/div><div class=\"testimonial_text_holder\"><div class=\"testimonial_text_inner\" style=\"\"><p><img src=\"\/wp-content\/uploads\/2016\/07\/transparent-test.png\"><\/img><br><br>La collaborazione con Aqua Vista Management \u00e8 stata un'esperienza trasformativa per il Nema Hotel Athens. La loro guida strategica, l'esperienza nell'ottimizzazione dei ricavi e l'impegno per esperienze degli ospiti eccezionali hanno portato la nostra struttura a nuovi livelli. L'approccio pratico del team e la profonda conoscenza dell'ospitalit\u00e0 ci consentono di concentrarci su ci\u00f2 che sappiamo fare meglio, mentre loro gestiscono le complessit\u00e0 della gestione quotidiana. Aqua Vista \u00e8 diventata pi\u00f9 di un partner: \u00e8 parte integrante del nostro successo.<\/p><p class=\"testimonial_author\" style=\"\">Alexandros Prosmitis, Owner of Nema Hotel Athens<\/p><\/div><\/div><\/div><\/li><li id=\"testimonials-c-3397\" class=\"testimonial_content\"><div class=\"testimonial_content_inner\"><div class=\"testimonial_image_holder\"><img src=\"\" \/><\/div><div class=\"testimonial_text_holder\"><div class=\"testimonial_text_inner\" style=\"\"><p><img src=\"\/wp-content\/uploads\/2016\/07\/transparent-test.png\"><\/img><br><br>Aqua Vista \u00e8 la nostra societ\u00e0 esclusiva di gestione delle prenotazioni e delle vendite negli ultimi 6 anni. Hanno aiutato enormemente la nostra attivit\u00e0 ed \u00e8 fantastico sapere di avere un partner cos\u00ec affermato al nostro fianco<\/p><p class=\"testimonial_author\" style=\"\">Kosmas Arvanitis, Owner of Athermi Suites<\/p><\/div><\/div><\/div><\/li><li id=\"testimonials-c-3395\" class=\"testimonial_content\"><div class=\"testimonial_content_inner\"><div class=\"testimonial_image_holder\"><img src=\"\" \/><\/div><div class=\"testimonial_text_holder\"><div class=\"testimonial_text_inner\" style=\"\"><p><img src=\"\/wp-content\/uploads\/2016\/07\/transparent-test.png\"><\/img><br><br>Ho affittato la mia casa di campagna a Pyrgos Santorini ad Aqua Vista e l'hanno trasformata nel primo hotel con piscine rosse in Grecia, diventato un punto di riferimento per l'arte sull'isola dopo l'apertura dell'Aqua Gallery nella sua hall. Hanno dato un valore incommensurabile alla mia propriet\u00e0, cos\u00ec come all'intera regione, e lavorare con loro \u00e8 stata una delle migliori decisioni professionali che abbia mai preso.<\/p><p class=\"testimonial_author\" style=\"\">Iakovos Fytros\u2013 Owner of Art Hotel, Pyrgos, Santorini<\/p><\/div><\/div><\/div><\/li><li id=\"testimonials-c-2149\" class=\"testimonial_content\"><div class=\"testimonial_content_inner\"><div class=\"testimonial_image_holder\"><img src=\"\" \/><\/div><div class=\"testimonial_text_holder\"><div class=\"testimonial_text_inner\" style=\"\"><p><img src=\"\/wp-content\/uploads\/2016\/07\/transparent-test.png\"><\/img><br><br>\r\nCollaborare con Aqua Vista Management \u00e8 stata un'esperienza trasformativa per il Nema Hotel Athens. La loro guida strategica, la competenza nell'ottimizzazione dei ricavi e l'impegno per offrire esperienze eccezionali agli ospiti hanno portato la nostra struttura a nuovi livelli. L'approccio pratico e la profonda conoscenza del team nel settore dell'ospitalit\u00e0 ci permettono di concentrarci su ci\u00f2 che sappiamo fare meglio, mentre loro si occupano delle complessit\u00e0 della gestione quotidiana. Aqua Vista \u00e8 diventata pi\u00f9 di un partner: \u00e8 parte integrante del nostro successo.<\/p><p class=\"testimonial_author\" style=\"\">Alexandros Prosmitis, Titolare del Nema Hotel Athens<\/p><\/div><\/div><\/div><\/li><li id=\"testimonials-c-2147\" class=\"testimonial_content\"><div class=\"testimonial_content_inner\"><div class=\"testimonial_image_holder\"><img src=\"\" \/><\/div><div class=\"testimonial_text_holder\"><div class=\"testimonial_text_inner\" style=\"\"><p><img src=\"\/wp-content\/uploads\/2016\/07\/transparent-test.png\"><\/img><br><br>\r\nAqua Vista \u00e8 la nostra societ\u00e0 esclusiva di gestione delle prenotazioni e delle vendite da 6 anni. Ci ha aiutato moltissimo nella gestione della nostra attivit\u00e0 ed \u00e8 fantastico sapere di avere al nostro fianco un partner cos\u00ec affermato.<\/p><p class=\"testimonial_author\" style=\"\">Kosmas Arvanitis, Titolare di Athermi Suites<\/p><\/div><\/div><\/div><\/li><\/ul><\/div><\/div>[vc_empty_space height=&#8221;40px&#8221;][\/vc_column][\/vc_row][vc_row css_animation=&#8221;&#8221; row_type=&#8221;row&#8221; use_row_as_full_screen_section=&#8221;no&#8221; type=&#8221;grid&#8221; angled_section=&#8221;no&#8221; text_align=&#8221;left&#8221; background_image_as_pattern=&#8221;without_pattern&#8221; background_color=&#8221;#efefef&#8221; css=&#8221;.vc_custom_1526635289407{padding-top: 100px !important;padding-bottom: 125px !important;}&#8221; z_index=&#8221;&#8221;][vc_column][qode_elements_holder number_of_columns=&#8221;two_columns&#8221;][qode_elements_holder_item item_padding=&#8221;0 5%&#8221; vertical_alignment=&#8221;middle&#8221; advanced_animations=&#8221;no&#8221; item_padding_1024_1280=&#8221;0 0 0 0&#8243; item_padding_768_1024=&#8221;0 0 0 0&#8243; item_padding_600_768=&#8221;0 0 0 0&#8243; item_padding_480_600=&#8221;0 0 0 0&#8243; item_padding_480=&#8221;0 0 0 0&#8243;][vc_raw_html el_class=&#8221;shaping&#8221;]JTNDc3BhbiUzRURhbmRvJTIwZm9ybWElMjAlM0MlMkZzcGFuJTNFJTIwYWxsYSUyMHN0b3JpYSUyMGRpJTIwb2duaSUyMGhvdGVsJTBBJTNDc3BhbiUzRXNpJTIwYXByZSUyMHVuJTIwbW9uZG8lMjAlM0MlMkZzcGFuJTNFJTIwJTNDc3Ryb25nJTNFY29tcGxldGFtZW50ZSUyMG51b3ZvLiUzQyUyRnN0cm9uZyUzRS4=[\/vc_raw_html][vc_empty_space height=&#8221;40px&#8221;][vc_column_text]<\/p>\n<p style=\"text-align: left;\"><a href=\"https:\/\/aquavistahotels.com\/it\"> Aqua Vista Hotels <\/a>\u00e8 una pluripremiata societ\u00e0 di gestione, sviluppo e consulenza alberghiera con sede ad Atene, in Grecia. Fondata nel 2005, attualmente gestisce oltre 35 boutique hotel e unit\u00e0 abitative in alcune delle destinazioni pi\u00f9 popolari della Grecia, sulle isole di Santorini, Mykonos, Paros, Lesbo e Skiathos.<\/p>\n<p>[\/vc_column_text][vc_empty_space height=&#8221;30px&#8221;][vc_single_image image=&#8221;3131&#8243; img_size=&#8221;full&#8221; onclick=&#8221;custom_link&#8221; qode_css_animation=&#8221;&#8221; link=&#8221;https:\/\/aquavistamanagement.com\/at-a-glance\/&#8221;][\/qode_elements_holder_item][qode_elements_holder_item vertical_alignment=&#8221;middle&#8221; advanced_animations=&#8221;no&#8221;][vc_single_image image=&#8221;3132&#8243; img_size=&#8221;full&#8221; qode_css_animation=&#8221;&#8221;][\/qode_elements_holder_item][\/qode_elements_holder][\/vc_column][\/vc_row][vc_row css_animation=&#8221;&#8221; row_type=&#8221;row&#8221; use_row_as_full_screen_section=&#8221;no&#8221; type=&#8221;grid&#8221; angled_section=&#8221;no&#8221; text_align=&#8221;left&#8221; background_image_as_pattern=&#8221;without_pattern&#8221; background_color=&#8221;#ffffff&#8221; z_index=&#8221;&#8221;][vc_column][vc_empty_space height=&#8221;100px&#8221;][qode_elements_holder number_of_columns=&#8221;two_columns&#8221;][qode_elements_holder_item advanced_animations=&#8221;no&#8221;][vc_single_image image=&#8221;3133&#8243; img_size=&#8221;full&#8221; qode_css_animation=&#8221;&#8221;][\/qode_elements_holder_item][qode_elements_holder_item item_padding=&#8221;0px 0px 0px 40px&#8221; advanced_animations=&#8221;no&#8221;][vc_column_text]<\/p>\n<h4 style=\"color: #717171;\">Aqua Vista Hotels<\/h4>\n<p>[\/vc_column_text][vc_empty_space height=&#8221;8px&#8221;][vc_column_text el_class=&#8221;milestones&#8221;]milestones[\/vc_column_text][vc_empty_space height=&#8221;10px&#8221;][vc_raw_html]JTNDZGl2JTIwY2xhc3MlM0QlMjJ0aW1lbGluZSUyMiUzRSUwQSUyMCUyMCUyMCUzQ2RpdiUyMGNsYXNzJTNEJTIydGltZWxpbmUtY29udGFpbmVyJTIwdGltZWxpbmUtcmlnaHQlMjIlM0UlMEElMjAlMjAlMjAlMjAlM0NkaXYlMjBjbGFzcyUzRCUyMnRpbWVsaW5lLWNvbnRlbnQlMjIlM0UlMEElMjAlMjAlMjAlMjAlMjAlMjAlM0NoMiUzRTIwMTclMjAlMjAlM0MlMkZoMiUzRSUwQSUyMCUyMCUyMCUyMCUyMCUyMCUzQ3AlM0VQYXJvcyUyMHZpZW5lJTIwYWdnaXVudGElMjBhbGxhJTIwbGlzdGElMjBkZWxsZSUyMGRlc3RpbmF6aW9uaSUyMHRvcCUyMGRlbCUyMEdydXBwbyUyMGNvbiUyMGwlMjdhcGVydHVyYSUyMGRpJTIwQWNxdWElMjBWYXRvcyUyMFBhcm9zJTNDJTJGcCUzRSUwQSUyMCUyMCUyMCUyMCUzQyUyRmRpdiUzRSUwQSUyMCUyMCUzQyUyRmRpdiUzRSUwQSUyMCUyMCUzQ2RpdiUyMGNsYXNzJTNEJTIydGltZWxpbmUtY29udGFpbmVyJTIwdGltZWxpbmUtcmlnaHQlMjIlM0UlMEElMjAlMjAlMjAlMjAlM0NkaXYlMjBjbGFzcyUzRCUyMnRpbWVsaW5lLWNvbnRlbnQlMjIlM0UlMEElMjAlMjAlMjAlMjAlMjAlMjAlM0NoMiUzRTIwMTclMjAlMjAlM0MlMkZoMiUzRSUwQSUyMCUyMCUyMCUyMCUyMCUyMCUzQ3AlM0VJbCUyMEdydXBwbyUyMGFwcmUlMjBpbCUyMHByb3ByaW8lMjBzcGF6aW8lMjBhcnRpc3RpY28lMjBwcmVzc28lMjBsJTI3QXJ0JTIwSG90ZWwlMjBkaSUyMFNhbnRvcmluaSUzQyUyRnAlM0UlMEElMjAlMjAlMjAlMjAlM0MlMkZkaXYlM0UlMEElMjAlMjAlM0MlMkZkaXYlM0UlMEElMjAlMjAlM0NkaXYlMjBjbGFzcyUzRCUyMnRpbWVsaW5lLWNvbnRhaW5lciUyMHRpbWVsaW5lLXJpZ2h0JTIyJTNFJTBBJTIwJTIwJTIwJTIwJTNDZGl2JTIwY2xhc3MlM0QlMjJ0aW1lbGluZS1jb250ZW50JTIyJTNFJTBBJTIwJTIwJTIwJTIwJTIwJTIwJTNDaDIlM0UyMDE3JTIwJTIwJTNDJTJGaDIlM0UlMEElMjAlMjAlMjAlMjAlMjAlMjAlM0NwJTNFQXF1YSUyMFZpc3RhJTIwcmljZXZlJTIwNSUyMHByZW1pJTIwYWklMjBUb3VyaXNtJTIwQXdhcmRzJTNDJTJGcCUzRSUwQSUyMCUyMCUyMCUyMCUzQyUyRmRpdiUzRSUwQSUyMCUyMCUzQyUyRmRpdiUzRSUwQSUyMCUyMCUzQ2RpdiUyMGNsYXNzJTNEJTIydGltZWxpbmUtY29udGFpbmVyJTIwdGltZWxpbmUtcmlnaHQlMjIlM0UlMEElMjAlMjAlMjAlMjAlM0NkaXYlMjBjbGFzcyUzRCUyMnRpbWVsaW5lLWNvbnRlbnQlMjIlM0UlMEElMjAlMjAlMjAlMjAlMjAlMjAlM0NoMiUzRTIwMTUlMjAlMjAlM0MlMkZoMiUzRSUwQSUyMCUyMCUyMCUyMCUyMCUyMCUzQ3AlM0VBcGVydHVyYSUyMGRpJTIwbnVvdmklMjB1ZmZpY2klMjBhZCUyMEF0ZW5lJTNDJTJGcCUzRSUwQSUyMCUyMCUyMCUyMCUzQyUyRmRpdiUzRSUwQSUyMCUyMCUzQyUyRmRpdiUzRSUwQSUyMCUyMCUzQ2RpdiUyMGNsYXNzJTNEJTIydGltZWxpbmUtY29udGFpbmVyJTIwdGltZWxpbmUtcmlnaHQlMjIlM0UlMEElMjAlMjAlMjAlMjAlM0NkaXYlMjBjbGFzcyUzRCUyMnRpbWVsaW5lLWNvbnRlbnQlMjIlM0UlMEElMjAlMjAlMjAlMjAlMjAlMjAlM0NoMiUzRTIwMTIlMjAlMjAlM0MlMkZoMiUzRSUwQSUyMCUyMCUyMCUyMCUyMCUyMCUzQ3AlM0VBcXVhJTIwVmlzdGElMjB2aWVuZSUyMGluc2VyaXRhJTIwbmVsbCUyN2FtYml0YSUyMHNlemlvbmUlMjBMYXVuY2hwYWQlMjBkZWwlMjBXb3JsZCUyMFRyYXZlbCUyME1hcmtldCUzQyUyRnAlM0UlMEElMjAlMjAlMjAlMjAlM0MlMkZkaXYlM0UlMEElMjAlMjAlM0MlMkZkaXYlM0UlMEElMEElMjAlM0NkaXYlMjBjbGFzcyUzRCUyMnRpbWVsaW5lLWNvbnRhaW5lciUyMHRpbWVsaW5lLXJpZ2h0JTIyJTNFJTBBJTIwJTIwJTIwJTIwJTNDZGl2JTIwY2xhc3MlM0QlMjJ0aW1lbGluZS1jb250ZW50JTIyJTNFJTBBJTIwJTIwJTIwJTIwJTIwJTIwJTNDaDIlM0UyMDA1JTIwJTIwJTNDJTJGaDIlM0UlMEElMjAlMjAlMjAlMjAlMjAlMjAlM0NwJTNFRm9uZGF6aW9uZSUyMGRpJTIwQXF1YSUyMFZpc3RhJTNDJTJGcCUzRSUwQSUyMCUyMCUyMCUyMCUzQyUyRmRpdiUzRSUwQSUyMCUyMCUzQyUyRmRpdiUzRSUwQSUwQSUwQSUwQSUwQSUwQSUwQSUwQSUzQyUyRmRpdiUzRQ==[\/vc_raw_html][\/qode_elements_holder_item][\/qode_elements_holder][vc_empty_space height=&#8221;100px&#8221;][\/vc_column][\/vc_row]<\/p>\n","protected":false},"excerpt":{"rendered":"<p>[vc_row row_type=&#8221;parallax&#8221; parallax_content_width=&#8221;in_grid&#8221; text_align=&#8221;center&#8221; background_image=&#8221;2592&#8243; full_screen_section_height=&#8221;no&#8221; el_id=&#8221;test&#8221;][vc_column][vc_empty_space height=&#8221;300px&#8221; el_class=&#8221;reduce-space&#8221;][vc_single_image image=&#8221;3129&#8243; img_size=&#8221;full&#8221; alignment=&#8221;center&#8221; qode_css_animation=&#8221;&#8221;][vc_empty_space height=&#8221;10px&#8221;][vc_column_text] GESTIONE, SVILUPPO E CONSULENZA ALBERGHIERA [\/vc_column_text][vc_single_image image=&#8221;3130&#8243; img_size=&#8221;full&#8221; alignment=&#8221;center&#8221; qode_css_animation=&#8221;&#8221; css=&#8221;.vc_custom_1603709359304{padding-top:&#8230;<\/p>\n","protected":false},"author":1,"featured_media":0,"parent":0,"menu_order":0,"comment_status":"closed","ping_status":"closed","template":"full_width.php","meta":[],"_links":{"self":[{"href":"https:\/\/aquavistamanagement.com\/it\/wp-json\/wp\/v2\/pages\/3134"}],"collection":[{"href":"https:\/\/aquavistamanagement.com\/it\/wp-json\/wp\/v2\/pages"}],"about":[{"href":"https:\/\/aquavistamanagement.com\/it\/wp-json\/wp\/v2\/types\/page"}],"author":[{"embeddable":true,"href":"https:\/\/aquavistamanagement.com\/it\/wp-json\/wp\/v2\/users\/1"}],"replies":[{"embeddable":true,"href":"https:\/\/aquavistamanagement.com\/it\/wp-json\/wp\/v2\/comments?post=3134"}],"version-history":[{"count":6,"href":"https:\/\/aquavistamanagement.com\/it\/wp-json\/wp\/v2\/pages\/3134\/revisions"}],"predecessor-version":[{"id":3407,"href":"https:\/\/aquavistamanagement.com\/it\/wp-json\/wp\/v2\/pages\/3134\/revisions\/3407"}],"wp:attachment":[{"href":"https:\/\/aquavistamanagement.com\/it\/wp-json\/wp\/v2\/media?parent=3134"}],"curies":[{"name":"wp","href":"https:\/\/api.w.org\/{rel}","templated":true}]}}